{"id":7810,"date":"2019-11-05T20:18:25","date_gmt":"2019-11-05T20:18:25","guid":{"rendered":"https:\/\/sonographycanada.ca\/?page_id=7810"},"modified":"2019-11-13T16:42:06","modified_gmt":"2019-11-13T16:42:06","slug":"pourquoi-propose-t-on-ces-changements","status":"publish","type":"page","link":"https:\/\/sonographycanada.ca\/fr\/membres\/vote-special\/autres-provinces-et-territoires\/pourquoi-propose-t-on-ces-changements","title":{"rendered":"Pourquoi propose-t-on ces changements?"},"content":{"rendered":"<h2 class=\"wp-block-heading\">Raison #1&nbsp;:  <\/h2><h3 class=\"wp-block-heading\">La r\u00e9glementation est probable dans la plupart des provinces et territoires. Ainsi, il nous faut une voix pour se prononcer quant aux normes d\u2019admission \u00e0 la profession \u00e0 travers le pays.<\/h3><p>Puisque deux provinces (l\u2019Ontario et le Qu\u00e9bec) r\u00e9glementent maintenant\nla profession et parce que la r\u00e9glementation ne devrait pas tarder en Alberta\net qu\u2019elle se pr\u00e9pare dans d\u2019autres provinces, il est crucial pour la pratique\ndu m\u00e9tier d\u2019\u00e9chographiste au Canada qu\u2019\u00c9chographie Canada puisse se prononcer\nquant aux mesures qui assureront le maintien de normes de pratique \u00e9lev\u00e9es et\ncoh\u00e9rentes \u00e0 travers le pays. L\u2019uniformit\u00e9 favorise la mobilit\u00e9 de la\nmain-d\u2019\u0153uvre, permettant ainsi aux \u00e9chographistes de travailler dans d\u2019autres\nr\u00e9gions du pays.<\/p><p>Au fur et \u00e0 mesure que la r\u00e9glementation s\u2019\u00e9tend \u00e0 travers le pays, la\nmeilleure fa\u00e7on de veiller \u00e0 ce que notre voix se fasse entendre par les\norganismes de r\u00e9glementation est de s\u2019assurer que nous repr\u00e9sentons autant\nd\u2019\u00e9chographistes praticiens que possible.<\/p><h2 class=\"wp-block-heading\">Raison #2&nbsp;: <\/h2><h3 class=\"wp-block-heading\"><strong>\u00c0 travers le Canada, il existe plusieurs \u00e9chographistes praticiens qui d\u00e9tiennent des titres de comp\u00e9tence obtenus aupr\u00e8s d\u2019autres organisations approuv\u00e9es autoris\u00e9es \u00e0 conf\u00e9rer des titres de comp\u00e9tence (p. ex. ARDMS). Ces organisations imposent \u00e0 leurs membres des exigences en mati\u00e8re de d\u00e9veloppement professionnel continu (DPC) pour conserver leurs comp\u00e9tences (semblable aux exigences en mati\u00e8re de DPC d\u2019\u00c9chographie Canada).<\/strong><\/h3><p>Les exigences en mati\u00e8re de DPC de ces organisations approuv\u00e9es autoris\u00e9es \u00e0 conf\u00e9rer des titres de comp\u00e9tence s\u2019harmonisent avec notre mission de favoriser les pratiques exemplaires et de promouvoir la qu\u00eate de l\u2019excellence en \u00e9chographie. Le nouveau mod\u00e8le d\u2019adh\u00e9sion reconna\u00eet l\u2019engagement des \u00e9chographistes agr\u00e9\u00e9s \u00e0 la formation professionnelle continue, tout en encourageant ceux sans titre de comp\u00e9tence \u00e0 parfaire leurs aptitudes.<\/p><p>L\u2019accueil de ces \u00e9chographistes au sein\nde notre organisation leur accordera l\u2019occasion d\u2019acc\u00e9der aux activit\u00e9s de DPC\nde haute qualit\u00e9 d\u2019\u00c9chographie Canada.<\/p><p>Bref, si\nnous ne sommes pas en mesure de communiquer avec ces \u00e9chographistes praticiens,\nil ne sera pas possible pour nous de les \u00e9duquer et de contribuer \u00e0 \u00e9lever\nleurs normes de pratique.<\/p><h2 class=\"wp-block-heading\"> Raison #3&nbsp;:   <\/h2><h3 class=\"wp-block-heading\">Les \u00e9chographistes nous rapportent que leur environnement de travail pourrait ne pas \u00eatre soutenable, tant pour eux-m\u00eames que pour les soins de sant\u00e9 prodigu\u00e9s aux Canadiens. Ils sont \u00e0 la recherche d\u2019un porte-parole, \u00ab\u00a0d\u2019une voix\u00a0\u00bb qui pourra se prononcer pour eux aupr\u00e8s des employeurs et des parties prenantes. <\/h3><p>Il est important de s\u2019assurer que nous ayons une voix forte et cr\u00e9dible pour garantir de bonnes conditions d\u2019emploi pour tous les \u00e9chographistes, maintenant et dans le futur, afin que nous puissions maintenir des normes \u00e9lev\u00e9es de soins de sant\u00e9 pour l\u2019ensemble des Canadiens.<br><\/p><p>Afin de devenir cette voix cr\u00e9dible, nous devons repr\u00e9senter autant d\u2019\u00e9chographistes praticiens que possible.<\/p><h2 class=\"wp-block-heading\">Raison #4 :<\/h2><h3 class=\"wp-block-heading\"><strong>L\u2019\u00e9largissement de notre bassin de membres permet de soutenir la viabilit\u00e9 financi\u00e8re d\u2019une association professionnelle qui pourrait donc augmenter l\u2019offre de services offert aux membres aujourd\u2019hui et cro\u00eetre de fa\u00e7on abordable dans un environnement en constante \u00e9volution.<\/strong><\/h3><p>Plus\nnous avons de membres, plus nous pouvons tirer profit d\u2019un \u00e9ventail \u00e9largi de\nperspectives et plus nous aurons de ressources \u00e0 notre disposition pour\nd\u00e9velopper de nouveaux programmes innovateurs pour rencontrer et suivre\nl\u2019\u00e9volution des besoins professionnels des \u00e9chographistes.<\/p><h4 class=\"wp-block-heading\" style=\"text-align:center\">Nous sommes la seule organisation nationale enti\u00e8rement d\u00e9vou\u00e9e au soutien et aux besoins professionnels des \u00e9chographistes.   <\/h4>","protected":false},"excerpt":{"rendered":"<p>Raison #1&nbsp;: La r\u00e9glementation est probable dans la plupart des provinces et territoires. Ainsi, il nous faut une voix pour se prononcer quant aux normes d\u2019admission \u00e0 la profession \u00e0 travers le pays. Puisque deux provinces (l\u2019Ontario et le Qu\u00e9bec) r\u00e9glementent maintenant la profession et parce que la r\u00e9glementation ne devrait pas tarder en Alberta [&hellip;]<\/p>\n","protected":false},"author":1,"featured_media":0,"parent":7800,"menu_order":1,"comment_status":"closed","ping_status":"closed","template":"","meta":{"_acf_changed":false,"advgb_blocks_editor_width":"","advgb_blocks_columns_visual_guide":"","wicket_organization":"","_seat_count":"","_member_id":[],"_edit_last":"3612","_start_date":"","_end_date":"","footnotes":""},"class_list":["post-7810","page","type-page","status-publish","hentry"],"acf":[],"yoast_head":"<!-- This site is optimized with the Yoast SEO plugin v23.5 - https:\/\/yoast.com\/wordpress\/plugins\/seo\/ -->\n<title>Pourquoi propose-t-on ces changements? - \u00c9chographie Canada<\/title>\n<meta name=\"robots\" content=\"index, follow, max-snippet:-1, max-image-preview:large, max-video-preview:-1\" \/>\n<link rel=\"canonical\" href=\"https:\/\/sonographycanada.ca\/fr\/membres\/vote-special\/autres-provinces-et-territoires\/pourquoi-propose-t-on-ces-changements\" \/>\n<meta property=\"og:locale\" content=\"fr_FR\" \/>\n<meta property=\"og:type\" content=\"article\" \/>\n<meta property=\"og:title\" content=\"Pourquoi propose-t-on ces changements? - \u00c9chographie Canada\" \/>\n<meta property=\"og:description\" content=\"Raison #1&nbsp;: La r\u00e9glementation est probable dans la plupart des provinces et territoires. Ainsi, il nous faut une voix pour se prononcer quant aux normes d\u2019admission \u00e0 la profession \u00e0 travers le pays. Puisque deux provinces (l\u2019Ontario et le Qu\u00e9bec) r\u00e9glementent maintenant la profession et parce que la r\u00e9glementation ne devrait pas tarder en Alberta [&hellip;]\" \/>\n<meta property=\"og:url\" content=\"https:\/\/sonographycanada.ca\/fr\/membres\/vote-special\/autres-provinces-et-territoires\/pourquoi-propose-t-on-ces-changements\" \/>\n<meta property=\"og:site_name\" content=\"\u00c9chographie Canada\" \/>\n<meta property=\"article:modified_time\" content=\"2019-11-13T16:42:06+00:00\" \/>\n<meta name=\"twitter:card\" content=\"summary_large_image\" \/>\n<meta name=\"twitter:label1\" content=\"Est. reading time\" \/>\n\t<meta name=\"twitter:data1\" content=\"3 minutes\" \/>\n<script type=\"application\/ld+json\" class=\"yoast-schema-graph\">{\"@context\":\"https:\/\/schema.org\",\"@graph\":[{\"@type\":\"WebPage\",\"@id\":\"https:\/\/sonographycanada.ca\/fr\/membres\/vote-special\/autres-provinces-et-territoires\/pourquoi-propose-t-on-ces-changements\",\"url\":\"https:\/\/sonographycanada.ca\/fr\/membres\/vote-special\/autres-provinces-et-territoires\/pourquoi-propose-t-on-ces-changements\",\"name\":\"Pourquoi propose-t-on ces changements? - \u00c9chographie Canada\",\"isPartOf\":{\"@id\":\"https:\/\/sonographycanada.ca\/#website\"},\"datePublished\":\"2019-11-05T20:18:25+00:00\",\"dateModified\":\"2019-11-13T16:42:06+00:00\",\"breadcrumb\":{\"@id\":\"https:\/\/sonographycanada.ca\/fr\/membres\/vote-special\/autres-provinces-et-territoires\/pourquoi-propose-t-on-ces-changements#breadcrumb\"},\"inLanguage\":\"fr-FR\",\"potentialAction\":[{\"@type\":\"ReadAction\",\"target\":[\"https:\/\/sonographycanada.ca\/fr\/membres\/vote-special\/autres-provinces-et-territoires\/pourquoi-propose-t-on-ces-changements\"]}]},{\"@type\":\"BreadcrumbList\",\"@id\":\"https:\/\/sonographycanada.ca\/fr\/membres\/vote-special\/autres-provinces-et-territoires\/pourquoi-propose-t-on-ces-changements#breadcrumb\",\"itemListElement\":[{\"@type\":\"ListItem\",\"position\":1,\"name\":\"Accueil\",\"item\":\"https:\/\/sonographycanada.ca\/fr\"},{\"@type\":\"ListItem\",\"position\":2,\"name\":\"Membres\",\"item\":\"https:\/\/sonographycanada.ca\/fr\/membres\"},{\"@type\":\"ListItem\",\"position\":3,\"name\":\"Vote sp\u00e9cial des membres\",\"item\":\"https:\/\/sonographycanada.ca\/fr\/membres\/vote-special\"},{\"@type\":\"ListItem\",\"position\":4,\"name\":\"Autres provinces et territoires\",\"item\":\"https:\/\/sonographycanada.ca\/fr\/membres\/vote-special\/autres-provinces-et-territoires\"},{\"@type\":\"ListItem\",\"position\":5,\"name\":\"Pourquoi propose-t-on ces changements?\"}]},{\"@type\":\"WebSite\",\"@id\":\"https:\/\/sonographycanada.ca\/#website\",\"url\":\"https:\/\/sonographycanada.ca\/\",\"name\":\"\u00c9chographie Canada\",\"description\":\"La voix des \u00e9chographistes m\u00e9dicaux diagnostiques au Canada\",\"potentialAction\":[{\"@type\":\"SearchAction\",\"target\":{\"@type\":\"EntryPoint\",\"urlTemplate\":\"https:\/\/sonographycanada.ca\/?s={search_term_string}\"},\"query-input\":{\"@type\":\"PropertyValueSpecification\",\"valueRequired\":true,\"valueName\":\"search_term_string\"}}],\"inLanguage\":\"fr-FR\"}]}<\/script>\n<!-- \/ Yoast SEO plugin. -->","yoast_head_json":{"title":"Pourquoi propose-t-on ces changements? - \u00c9chographie Canada","robots":{"index":"index","follow":"follow","max-snippet":"max-snippet:-1","max-image-preview":"max-image-preview:large","max-video-preview":"max-video-preview:-1"},"canonical":"https:\/\/sonographycanada.ca\/fr\/membres\/vote-special\/autres-provinces-et-territoires\/pourquoi-propose-t-on-ces-changements","og_locale":"fr_FR","og_type":"article","og_title":"Pourquoi propose-t-on ces changements? - \u00c9chographie Canada","og_description":"Raison #1&nbsp;: La r\u00e9glementation est probable dans la plupart des provinces et territoires. Ainsi, il nous faut une voix pour se prononcer quant aux normes d\u2019admission \u00e0 la profession \u00e0 travers le pays. Puisque deux provinces (l\u2019Ontario et le Qu\u00e9bec) r\u00e9glementent maintenant la profession et parce que la r\u00e9glementation ne devrait pas tarder en Alberta [&hellip;]","og_url":"https:\/\/sonographycanada.ca\/fr\/membres\/vote-special\/autres-provinces-et-territoires\/pourquoi-propose-t-on-ces-changements","og_site_name":"\u00c9chographie Canada","article_modified_time":"2019-11-13T16:42:06+00:00","twitter_card":"summary_large_image","twitter_misc":{"Est. reading time":"3 minutes"},"schema":{"@context":"https:\/\/schema.org","@graph":[{"@type":"WebPage","@id":"https:\/\/sonographycanada.ca\/fr\/membres\/vote-special\/autres-provinces-et-territoires\/pourquoi-propose-t-on-ces-changements","url":"https:\/\/sonographycanada.ca\/fr\/membres\/vote-special\/autres-provinces-et-territoires\/pourquoi-propose-t-on-ces-changements","name":"Pourquoi propose-t-on ces changements? - \u00c9chographie Canada","isPartOf":{"@id":"https:\/\/sonographycanada.ca\/#website"},"datePublished":"2019-11-05T20:18:25+00:00","dateModified":"2019-11-13T16:42:06+00:00","breadcrumb":{"@id":"https:\/\/sonographycanada.ca\/fr\/membres\/vote-special\/autres-provinces-et-territoires\/pourquoi-propose-t-on-ces-changements#breadcrumb"},"inLanguage":"fr-FR","potentialAction":[{"@type":"ReadAction","target":["https:\/\/sonographycanada.ca\/fr\/membres\/vote-special\/autres-provinces-et-territoires\/pourquoi-propose-t-on-ces-changements"]}]},{"@type":"BreadcrumbList","@id":"https:\/\/sonographycanada.ca\/fr\/membres\/vote-special\/autres-provinces-et-territoires\/pourquoi-propose-t-on-ces-changements#breadcrumb","itemListElement":[{"@type":"ListItem","position":1,"name":"Accueil","item":"https:\/\/sonographycanada.ca\/fr"},{"@type":"ListItem","position":2,"name":"Membres","item":"https:\/\/sonographycanada.ca\/fr\/membres"},{"@type":"ListItem","position":3,"name":"Vote sp\u00e9cial des membres","item":"https:\/\/sonographycanada.ca\/fr\/membres\/vote-special"},{"@type":"ListItem","position":4,"name":"Autres provinces et territoires","item":"https:\/\/sonographycanada.ca\/fr\/membres\/vote-special\/autres-provinces-et-territoires"},{"@type":"ListItem","position":5,"name":"Pourquoi propose-t-on ces changements?"}]},{"@type":"WebSite","@id":"https:\/\/sonographycanada.ca\/#website","url":"https:\/\/sonographycanada.ca\/","name":"\u00c9chographie Canada","description":"La voix des \u00e9chographistes m\u00e9dicaux diagnostiques au Canada","potentialAction":[{"@type":"SearchAction","target":{"@type":"EntryPoint","urlTemplate":"https:\/\/sonographycanada.ca\/?s={search_term_string}"},"query-input":{"@type":"PropertyValueSpecification","valueRequired":true,"valueName":"search_term_string"}}],"inLanguage":"fr-FR"}]}},"coauthors":[],"author_meta":{"author_link":"https:\/\/sonographycanada.ca\/fr\/author\/admin","display_name":"Kevin Andrews"},"relative_dates":{"created":"Publi\u00e9 6 years il y a","modified":"Mis \u00e0 jour 6 years il y a"},"absolute_dates":{"created":"Publi\u00e9 le novembre 5, 2019","modified":"Mise \u00e0 jour le novembre 13, 2019"},"absolute_dates_time":{"created":"Publi\u00e9 le novembre 5, 2019 8:18 pm","modified":"Mise \u00e0 jour le novembre 13, 2019 4:42 pm"},"featured_img_caption":"","featured_img":false,"series_order":"","_links":{"self":[{"href":"https:\/\/sonographycanada.ca\/fr\/wp-json\/wp\/v2\/pages\/7810"}],"collection":[{"href":"https:\/\/sonographycanada.ca\/fr\/wp-json\/wp\/v2\/pages"}],"about":[{"href":"https:\/\/sonographycanada.ca\/fr\/wp-json\/wp\/v2\/types\/page"}],"author":[{"embeddable":true,"href":"https:\/\/sonographycanada.ca\/fr\/wp-json\/wp\/v2\/users\/1"}],"replies":[{"embeddable":true,"href":"https:\/\/sonographycanada.ca\/fr\/wp-json\/wp\/v2\/comments?post=7810"}],"version-history":[{"count":8,"href":"https:\/\/sonographycanada.ca\/fr\/wp-json\/wp\/v2\/pages\/7810\/revisions"}],"predecessor-version":[{"id":8259,"href":"https:\/\/sonographycanada.ca\/fr\/wp-json\/wp\/v2\/pages\/7810\/revisions\/8259"}],"up":[{"embeddable":true,"href":"https:\/\/sonographycanada.ca\/fr\/wp-json\/wp\/v2\/pages\/7800"}],"wp:attachment":[{"href":"https:\/\/sonographycanada.ca\/fr\/wp-json\/wp\/v2\/media?parent=7810"}],"curies":[{"name":"wp","href":"https:\/\/api.w.org\/{rel}","templated":true}]}}