{"id":205035,"date":"2023-10-30T14:24:45","date_gmt":"2023-10-30T18:24:45","guid":{"rendered":"https:\/\/sonographycanada.ca\/?post_type=product&#038;p=205035"},"modified":"2024-10-07T14:23:07","modified_gmt":"2024-10-07T18:23:07","slug":"featured-30-day-career-centre-post","status":"publish","type":"product","link":"https:\/\/sonographycanada.ca\/fr\/product\/featured-30-day-career-centre-post","title":{"rendered":"FEATURED 30-Day Career Centre Post"},"content":{"rendered":"","protected":false},"excerpt":{"rendered":"<p>$625.00 for 1 featured job listed for 30 days.<br \/>\nFeatured posts appear at the top of the career center page for the duration of your listing.<\/p>\n","protected":false},"author":6718,"featured_media":205192,"template":"","meta":{"_acf_changed":false,"advgb_blocks_editor_width":"","advgb_blocks_columns_visual_guide":"","wicket_organization":"","_seat_count":"","_member_id":[],"_edit_last":"6718","_start_date":"","_end_date":""},"product_cat":[210],"product_tag":[],"class_list":{"0":"post-205035","1":"product","2":"type-product","3":"status-publish","4":"has-post-thumbnail","6":"product_cat-career-center","8":"first","9":"instock","10":"downloadable","11":"virtual","12":"sold-individually","13":"taxable","14":"purchasable","15":"product-type-job_package"},"bundled_by":[],"bundle_stock_status":"instock","bundle_stock_quantity":null,"bundle_virtual":false,"bundle_layout":"","bundle_add_to_cart_form_location":"","bundle_editable_in_cart":false,"bundle_sold_individually_context":"","bundle_item_grouping":"","bundle_min_size":"","bundle_max_size":"","bundle_price":[],"bundled_items":[],"bundle_sell_ids":[],"acf":[],"yoast_head":"<!-- This site is optimized with the Yoast SEO plugin v23.5 - https:\/\/yoast.com\/wordpress\/plugins\/seo\/ -->\n<title>FEATURED 30-Day Career Centre Post - \u00c9chographie Canada<\/title>\n<meta name=\"robots\" content=\"index, follow, max-snippet:-1, max-image-preview:large, max-video-preview:-1\" \/>\n<link rel=\"canonical\" href=\"https:\/\/sonographycanada.ca\/product\/featured-30-day-career-centre-post\" \/>\n<meta property=\"og:locale\" content=\"fr_FR\" \/>\n<meta property=\"og:type\" content=\"article\" \/>\n<meta property=\"og:title\" content=\"FEATURED 30-Day Career Centre Post - \u00c9chographie Canada\" \/>\n<meta property=\"og:description\" content=\"$625.00 for 1 featured job listed for 30 days. Featured posts appear at the top of the career center page for the duration of your listing.\" \/>\n<meta property=\"og:url\" content=\"https:\/\/sonographycanada.ca\/product\/featured-30-day-career-centre-post\" \/>\n<meta property=\"og:site_name\" content=\"\u00c9chographie Canada\" \/>\n<meta property=\"article:modified_time\" content=\"2024-10-07T18:23:07+00:00\" \/>\n<meta property=\"og:image\" content=\"https:\/\/sonographycanada.ca\/app\/uploads\/2023\/10\/30-Day-Post.jpg\" \/>\n\t<meta property=\"og:image:width\" content=\"680\" \/>\n\t<meta property=\"og:image:height\" content=\"680\" \/>\n\t<meta property=\"og:image:type\" content=\"image\/jpeg\" \/>\n<meta name=\"twitter:card\" content=\"summary_large_image\" \/>\n<meta name=\"twitter:label1\" content=\"Est. reading time\" \/>\n\t<meta name=\"twitter:data1\" content=\"1 minute\" \/>\n<script type=\"application\/ld+json\" class=\"yoast-schema-graph\">{\"@context\":\"https:\/\/schema.org\",\"@graph\":[{\"@type\":\"WebPage\",\"@id\":\"https:\/\/sonographycanada.ca\/product\/featured-30-day-career-centre-post\",\"url\":\"https:\/\/sonographycanada.ca\/product\/featured-30-day-career-centre-post\",\"name\":\"FEATURED 30-Day Career Centre Post - \u00c9chographie Canada\",\"isPartOf\":{\"@id\":\"https:\/\/sonographycanada.ca\/#website\"},\"primaryImageOfPage\":{\"@id\":\"https:\/\/sonographycanada.ca\/product\/featured-30-day-career-centre-post#primaryimage\"},\"image\":{\"@id\":\"https:\/\/sonographycanada.ca\/product\/featured-30-day-career-centre-post#primaryimage\"},\"thumbnailUrl\":\"https:\/\/sonographycanada.ca\/app\/uploads\/2023\/10\/30-Day-Post.jpg\",\"datePublished\":\"2023-10-30T18:24:45+00:00\",\"dateModified\":\"2024-10-07T18:23:07+00:00\",\"breadcrumb\":{\"@id\":\"https:\/\/sonographycanada.ca\/product\/featured-30-day-career-centre-post#breadcrumb\"},\"inLanguage\":\"fr-FR\",\"potentialAction\":[{\"@type\":\"ReadAction\",\"target\":[\"https:\/\/sonographycanada.ca\/product\/featured-30-day-career-centre-post\"]}]},{\"@type\":\"ImageObject\",\"inLanguage\":\"fr-FR\",\"@id\":\"https:\/\/sonographycanada.ca\/product\/featured-30-day-career-centre-post#primaryimage\",\"url\":\"https:\/\/sonographycanada.ca\/app\/uploads\/2023\/10\/30-Day-Post.jpg\",\"contentUrl\":\"https:\/\/sonographycanada.ca\/app\/uploads\/2023\/10\/30-Day-Post.jpg\",\"width\":680,\"height\":680,\"caption\":\"Now hiring poster for 30 day post\"},{\"@type\":\"BreadcrumbList\",\"@id\":\"https:\/\/sonographycanada.ca\/product\/featured-30-day-career-centre-post#breadcrumb\",\"itemListElement\":[{\"@type\":\"ListItem\",\"position\":1,\"name\":\"Accueil\",\"item\":\"https:\/\/sonographycanada.ca\/fr\"},{\"@type\":\"ListItem\",\"position\":2,\"name\":\"Boutique\",\"item\":\"https:\/\/sonographycanada.ca\/shop\"},{\"@type\":\"ListItem\",\"position\":3,\"name\":\"FEATURED 30-Day Career Centre Post\"}]},{\"@type\":\"WebSite\",\"@id\":\"https:\/\/sonographycanada.ca\/#website\",\"url\":\"https:\/\/sonographycanada.ca\/\",\"name\":\"\u00c9chographie Canada\",\"description\":\"La voix des \u00e9chographistes m\u00e9dicaux diagnostiques au Canada\",\"potentialAction\":[{\"@type\":\"SearchAction\",\"target\":{\"@type\":\"EntryPoint\",\"urlTemplate\":\"https:\/\/sonographycanada.ca\/?s={search_term_string}\"},\"query-input\":{\"@type\":\"PropertyValueSpecification\",\"valueRequired\":true,\"valueName\":\"search_term_string\"}}],\"inLanguage\":\"fr-FR\"}]}<\/script>\n<!-- \/ Yoast SEO plugin. -->","yoast_head_json":{"title":"FEATURED 30-Day Career Centre Post - \u00c9chographie Canada","robots":{"index":"index","follow":"follow","max-snippet":"max-snippet:-1","max-image-preview":"max-image-preview:large","max-video-preview":"max-video-preview:-1"},"canonical":"https:\/\/sonographycanada.ca\/product\/featured-30-day-career-centre-post","og_locale":"fr_FR","og_type":"article","og_title":"FEATURED 30-Day Career Centre Post - \u00c9chographie Canada","og_description":"$625.00 for 1 featured job listed for 30 days. Featured posts appear at the top of the career center page for the duration of your listing.","og_url":"https:\/\/sonographycanada.ca\/product\/featured-30-day-career-centre-post","og_site_name":"\u00c9chographie Canada","article_modified_time":"2024-10-07T18:23:07+00:00","og_image":[{"width":680,"height":680,"url":"https:\/\/sonographycanada.ca\/app\/uploads\/2023\/10\/30-Day-Post.jpg","type":"image\/jpeg"}],"twitter_card":"summary_large_image","twitter_misc":{"Est. reading time":"1 minute"},"schema":{"@context":"https:\/\/schema.org","@graph":[{"@type":"WebPage","@id":"https:\/\/sonographycanada.ca\/product\/featured-30-day-career-centre-post","url":"https:\/\/sonographycanada.ca\/product\/featured-30-day-career-centre-post","name":"FEATURED 30-Day Career Centre Post - \u00c9chographie Canada","isPartOf":{"@id":"https:\/\/sonographycanada.ca\/#website"},"primaryImageOfPage":{"@id":"https:\/\/sonographycanada.ca\/product\/featured-30-day-career-centre-post#primaryimage"},"image":{"@id":"https:\/\/sonographycanada.ca\/product\/featured-30-day-career-centre-post#primaryimage"},"thumbnailUrl":"https:\/\/sonographycanada.ca\/app\/uploads\/2023\/10\/30-Day-Post.jpg","datePublished":"2023-10-30T18:24:45+00:00","dateModified":"2024-10-07T18:23:07+00:00","breadcrumb":{"@id":"https:\/\/sonographycanada.ca\/product\/featured-30-day-career-centre-post#breadcrumb"},"inLanguage":"fr-FR","potentialAction":[{"@type":"ReadAction","target":["https:\/\/sonographycanada.ca\/product\/featured-30-day-career-centre-post"]}]},{"@type":"ImageObject","inLanguage":"fr-FR","@id":"https:\/\/sonographycanada.ca\/product\/featured-30-day-career-centre-post#primaryimage","url":"https:\/\/sonographycanada.ca\/app\/uploads\/2023\/10\/30-Day-Post.jpg","contentUrl":"https:\/\/sonographycanada.ca\/app\/uploads\/2023\/10\/30-Day-Post.jpg","width":680,"height":680,"caption":"Now hiring poster for 30 day post"},{"@type":"BreadcrumbList","@id":"https:\/\/sonographycanada.ca\/product\/featured-30-day-career-centre-post#breadcrumb","itemListElement":[{"@type":"ListItem","position":1,"name":"Accueil","item":"https:\/\/sonographycanada.ca\/fr"},{"@type":"ListItem","position":2,"name":"Boutique","item":"https:\/\/sonographycanada.ca\/shop"},{"@type":"ListItem","position":3,"name":"FEATURED 30-Day Career Centre Post"}]},{"@type":"WebSite","@id":"https:\/\/sonographycanada.ca\/#website","url":"https:\/\/sonographycanada.ca\/","name":"\u00c9chographie Canada","description":"La voix des \u00e9chographistes m\u00e9dicaux diagnostiques au Canada","potentialAction":[{"@type":"SearchAction","target":{"@type":"EntryPoint","urlTemplate":"https:\/\/sonographycanada.ca\/?s={search_term_string}"},"query-input":{"@type":"PropertyValueSpecification","valueRequired":true,"valueName":"search_term_string"}}],"inLanguage":"fr-FR"}]}},"featured_img":"https:\/\/sonographycanada.ca\/app\/uploads\/2023\/10\/30-Day-Post-200x200.jpg","coauthors":[],"author_meta":{"author_link":"https:\/\/sonographycanada.ca\/fr\/author\/263a58fd-0292-4830-a513-b6bccee25d5d","display_name":"Riad Kadi"},"relative_dates":{"created":"Publi\u00e9 2 years il y a","modified":"Mis \u00e0 jour 2 years il y a"},"absolute_dates":{"created":"Publi\u00e9 le octobre 30, 2023","modified":"Mise \u00e0 jour le octobre 7, 2024"},"absolute_dates_time":{"created":"Publi\u00e9 le octobre 30, 2023 2:24 pm","modified":"Mise \u00e0 jour le octobre 7, 2024 2:23 pm"},"featured_img_caption":"","tax_additional":{"product_type":{"linked":["<a href=\"https:\/\/sonographycanada.ca\/fr?taxonomy=product_type&#038;term=job_package\" class=\"advgb-post-tax-term\">job_package<\/a>"],"unlinked":["<span class=\"advgb-post-tax-term\">job_package<\/span>"],"slug":"product_type","name":"Type de produit"},"product_visibility":{"linked":[],"unlinked":[],"slug":"product_visibility","name":"Visibilit\u00e9 du produit"},"product_cat":{"linked":["<a href=\"https:\/\/sonographycanada.ca\/fr\/product-category\/career-center\" class=\"advgb-post-tax-term\">Career Center Products<\/a>"],"unlinked":["<span class=\"advgb-post-tax-term\">Career Center Products<\/span>"],"slug":"product_cat","name":"Cat\u00e9gories de produits"},"product_tag":{"linked":[],"unlinked":[],"slug":"product_tag","name":"\u00c9tiquettes produit"},"product_shipping_class":{"linked":[],"unlinked":[],"slug":"product_shipping_class","name":"Classe d\u2019exp\u00e9dition du produit"},"translation_priority":{"linked":["<a href=\"https:\/\/sonographycanada.ca\/fr?taxonomy=translation_priority&#038;term=facultatif\" class=\"advgb-post-tax-term\">Optional<\/a>"],"unlinked":["<span class=\"advgb-post-tax-term\">Optional<\/span>"],"slug":"translation_priority","name":"Priorit\u00e9s de traduction"}},"series_order":"","_links":{"self":[{"href":"https:\/\/sonographycanada.ca\/fr\/wp-json\/wp\/v2\/product\/205035"}],"collection":[{"href":"https:\/\/sonographycanada.ca\/fr\/wp-json\/wp\/v2\/product"}],"about":[{"href":"https:\/\/sonographycanada.ca\/fr\/wp-json\/wp\/v2\/types\/product"}],"wp:featuredmedia":[{"embeddable":true,"href":"https:\/\/sonographycanada.ca\/fr\/wp-json\/wp\/v2\/media\/205192"}],"wp:attachment":[{"href":"https:\/\/sonographycanada.ca\/fr\/wp-json\/wp\/v2\/media?parent=205035"}],"wp:term":[{"taxonomy":"product_cat","embeddable":true,"href":"https:\/\/sonographycanada.ca\/fr\/wp-json\/wp\/v2\/product_cat?post=205035"},{"taxonomy":"product_tag","embeddable":true,"href":"https:\/\/sonographycanada.ca\/fr\/wp-json\/wp\/v2\/product_tag?post=205035"}],"curies":[{"name":"wp","href":"https:\/\/api.w.org\/{rel}","templated":true}]}}