{"id":226974,"date":"2024-04-11T09:19:37","date_gmt":"2024-04-11T13:19:37","guid":{"rendered":"https:\/\/sonographycanada.ca\/?post_type=product&#038;p=226974"},"modified":"2024-05-10T14:53:39","modified_gmt":"2024-05-10T18:53:39","slug":"msk-foundations-msk-hands-on-workshop-lower-extremity-joints","status":"publish","type":"product","link":"https:\/\/sonographycanada.ca\/fr\/product\/msk-foundations-msk-hands-on-workshop-lower-extremity-joints","title":{"rendered":"SOLD OUT! MSK Foundations \u2013 MSK Hands-On Workshop, Lower Extremity Joints"},"content":{"rendered":"<p class=\"x_MsoNormal\"><strong>Check out the <a href=\"https:\/\/sonographycanada.ca\/app\/uploads\/2024\/04\/MSKFoundationsHandsOn_May-2024.pdf\">Preliminary Program<\/a><\/strong><\/p>\n<p>Join us in Hamilton on May 11, 2024, for an <b>MSK Foundations Hands-On Workshop<\/b> on lower extremity joints. \u00a0This full day immersive experience will offer you hands-on clinical instruction on the hip, knee and ankle that will give you the knowledge and skills required to perform these exams with confidence and accuracy.\u00a0 You will review exam protocols, MSK terminology and considerations for MSK exams that are unique to joints, such as muscle appearance, nerve pain, and pathology. At the end of this workshop, you will be prepared to perform these MSK examinations in your practice.<\/p>\n<p class=\"x_MsoNormal\">Are you considering challenging the <strong>ARDMS MSK credentialing exam<\/strong>?\u00a0 This workshop will help you to prepare, and includes exam competencies for lower extremity joints.<\/p>\n<p class=\"x_MsoNormal\">Participants will earn <strong>7.5 Sonography Based CPD Credits<\/strong>.\u00a0 This hands-on program is limited to <strong>25 participants<\/strong>, so book your seat today!<\/p>\n<p><strong>Registration Fee<\/strong> &#8211; Log in for member pricing!<br \/>\n<strong>$275<\/strong> + HST for members<br \/>\n<strong>$395<\/strong> + HST for non-members<\/p>\n","protected":false},"excerpt":{"rendered":"<p class=\"x_MsoNormal\">Live, In-Person, Hands-On Clinical Instruction<\/p>\n<p class=\"x_MsoNormal\">Saturday, May 11, 2024<\/p>\n<p class=\"x_MsoNormal\">8:00 am \u2013 5:00 pm<\/p>\n<p class=\"x_MsoNormal\">Mohawk College Campus, Hamilton Ontario<\/p>\n","protected":false},"author":6292,"featured_media":200306,"template":"","meta":{"_acf_changed":false,"advgb_blocks_editor_width":"","advgb_blocks_columns_visual_guide":"","wicket_organization":"","_seat_count":"","_member_id":[],"_edit_last":"6292","_start_date":"","_end_date":""},"product_cat":[204],"product_tag":[],"class_list":{"0":"post-226974","1":"product","2":"type-product","3":"status-publish","4":"has-post-thumbnail","6":"product_cat-specialty-education","7":"member-discount","8":"discount-restricted","10":"first","11":"outofstock","12":"virtual","13":"taxable","14":"purchasable","15":"product-type-simple"},"bundled_by":[],"bundle_stock_status":"outofstock","bundle_stock_quantity":0,"bundle_virtual":false,"bundle_layout":"","bundle_add_to_cart_form_location":"","bundle_editable_in_cart":false,"bundle_sold_individually_context":"","bundle_item_grouping":"","bundle_min_size":"","bundle_max_size":"","bundle_price":[],"bundled_items":[],"bundle_sell_ids":[],"acf":[],"yoast_head":"<!-- This site is optimized with the Yoast SEO plugin v23.5 - https:\/\/yoast.com\/wordpress\/plugins\/seo\/ -->\n<title>SOLD OUT! MSK Foundations \u2013 MSK Hands-On Workshop, Lower Extremity Joints - \u00c9chographie Canada<\/title>\n<meta name=\"robots\" content=\"index, follow, max-snippet:-1, max-image-preview:large, max-video-preview:-1\" \/>\n<link rel=\"canonical\" href=\"https:\/\/sonographycanada.ca\/product\/msk-foundations-msk-hands-on-workshop-lower-extremity-joints\" \/>\n<meta property=\"og:locale\" content=\"fr_FR\" \/>\n<meta property=\"og:type\" content=\"article\" \/>\n<meta property=\"og:title\" content=\"SOLD OUT! MSK Foundations \u2013 MSK Hands-On Workshop, Lower Extremity Joints - \u00c9chographie Canada\" \/>\n<meta property=\"og:description\" content=\"Live, In-Person, Hands-On Clinical Instruction Saturday, May 11, 2024 8:00 am \u2013 5:00 pm Mohawk College Campus, Hamilton Ontario\" \/>\n<meta property=\"og:url\" content=\"https:\/\/sonographycanada.ca\/product\/msk-foundations-msk-hands-on-workshop-lower-extremity-joints\" \/>\n<meta property=\"og:site_name\" content=\"\u00c9chographie Canada\" \/>\n<meta property=\"article:modified_time\" content=\"2024-05-10T18:53:39+00:00\" \/>\n<meta property=\"og:image\" content=\"https:\/\/sonographycanada.ca\/app\/uploads\/2023\/09\/pexels-mart-production-7089288-scaled.jpg\" \/>\n\t<meta property=\"og:image:width\" content=\"2560\" \/>\n\t<meta property=\"og:image:height\" content=\"1707\" \/>\n\t<meta property=\"og:image:type\" content=\"image\/jpeg\" \/>\n<meta name=\"twitter:card\" content=\"summary_large_image\" \/>\n<meta name=\"twitter:label1\" content=\"Est. reading time\" \/>\n\t<meta name=\"twitter:data1\" content=\"1 minute\" \/>\n<script type=\"application\/ld+json\" class=\"yoast-schema-graph\">{\"@context\":\"https:\/\/schema.org\",\"@graph\":[{\"@type\":\"WebPage\",\"@id\":\"https:\/\/sonographycanada.ca\/product\/msk-foundations-msk-hands-on-workshop-lower-extremity-joints\",\"url\":\"https:\/\/sonographycanada.ca\/product\/msk-foundations-msk-hands-on-workshop-lower-extremity-joints\",\"name\":\"SOLD OUT! MSK Foundations \u2013 MSK Hands-On Workshop, Lower Extremity Joints - \u00c9chographie Canada\",\"isPartOf\":{\"@id\":\"https:\/\/sonographycanada.ca\/#website\"},\"primaryImageOfPage\":{\"@id\":\"https:\/\/sonographycanada.ca\/product\/msk-foundations-msk-hands-on-workshop-lower-extremity-joints#primaryimage\"},\"image\":{\"@id\":\"https:\/\/sonographycanada.ca\/product\/msk-foundations-msk-hands-on-workshop-lower-extremity-joints#primaryimage\"},\"thumbnailUrl\":\"https:\/\/sonographycanada.ca\/app\/uploads\/2023\/09\/pexels-mart-production-7089288-scaled.jpg\",\"datePublished\":\"2024-04-11T13:19:37+00:00\",\"dateModified\":\"2024-05-10T18:53:39+00:00\",\"breadcrumb\":{\"@id\":\"https:\/\/sonographycanada.ca\/product\/msk-foundations-msk-hands-on-workshop-lower-extremity-joints#breadcrumb\"},\"inLanguage\":\"fr-FR\",\"potentialAction\":[{\"@type\":\"ReadAction\",\"target\":[\"https:\/\/sonographycanada.ca\/product\/msk-foundations-msk-hands-on-workshop-lower-extremity-joints\"]}]},{\"@type\":\"ImageObject\",\"inLanguage\":\"fr-FR\",\"@id\":\"https:\/\/sonographycanada.ca\/product\/msk-foundations-msk-hands-on-workshop-lower-extremity-joints#primaryimage\",\"url\":\"https:\/\/sonographycanada.ca\/app\/uploads\/2023\/09\/pexels-mart-production-7089288-scaled.jpg\",\"contentUrl\":\"https:\/\/sonographycanada.ca\/app\/uploads\/2023\/09\/pexels-mart-production-7089288-scaled.jpg\",\"width\":2560,\"height\":1707},{\"@type\":\"BreadcrumbList\",\"@id\":\"https:\/\/sonographycanada.ca\/product\/msk-foundations-msk-hands-on-workshop-lower-extremity-joints#breadcrumb\",\"itemListElement\":[{\"@type\":\"ListItem\",\"position\":1,\"name\":\"Accueil\",\"item\":\"https:\/\/sonographycanada.ca\/fr\"},{\"@type\":\"ListItem\",\"position\":2,\"name\":\"Boutique\",\"item\":\"https:\/\/sonographycanada.ca\/shop\"},{\"@type\":\"ListItem\",\"position\":3,\"name\":\"SOLD OUT! MSK Foundations \u2013 MSK Hands-On Workshop, Lower Extremity Joints\"}]},{\"@type\":\"WebSite\",\"@id\":\"https:\/\/sonographycanada.ca\/#website\",\"url\":\"https:\/\/sonographycanada.ca\/\",\"name\":\"\u00c9chographie Canada\",\"description\":\"La voix des \u00e9chographistes m\u00e9dicaux diagnostiques au Canada\",\"potentialAction\":[{\"@type\":\"SearchAction\",\"target\":{\"@type\":\"EntryPoint\",\"urlTemplate\":\"https:\/\/sonographycanada.ca\/?s={search_term_string}\"},\"query-input\":{\"@type\":\"PropertyValueSpecification\",\"valueRequired\":true,\"valueName\":\"search_term_string\"}}],\"inLanguage\":\"fr-FR\"}]}<\/script>\n<!-- \/ Yoast SEO plugin. -->","yoast_head_json":{"title":"SOLD OUT! MSK Foundations \u2013 MSK Hands-On Workshop, Lower Extremity Joints - \u00c9chographie Canada","robots":{"index":"index","follow":"follow","max-snippet":"max-snippet:-1","max-image-preview":"max-image-preview:large","max-video-preview":"max-video-preview:-1"},"canonical":"https:\/\/sonographycanada.ca\/product\/msk-foundations-msk-hands-on-workshop-lower-extremity-joints","og_locale":"fr_FR","og_type":"article","og_title":"SOLD OUT! MSK Foundations \u2013 MSK Hands-On Workshop, Lower Extremity Joints - \u00c9chographie Canada","og_description":"Live, In-Person, Hands-On Clinical Instruction Saturday, May 11, 2024 8:00 am \u2013 5:00 pm Mohawk College Campus, Hamilton Ontario","og_url":"https:\/\/sonographycanada.ca\/product\/msk-foundations-msk-hands-on-workshop-lower-extremity-joints","og_site_name":"\u00c9chographie Canada","article_modified_time":"2024-05-10T18:53:39+00:00","og_image":[{"width":2560,"height":1707,"url":"https:\/\/sonographycanada.ca\/app\/uploads\/2023\/09\/pexels-mart-production-7089288-scaled.jpg","type":"image\/jpeg"}],"twitter_card":"summary_large_image","twitter_misc":{"Est. reading time":"1 minute"},"schema":{"@context":"https:\/\/schema.org","@graph":[{"@type":"WebPage","@id":"https:\/\/sonographycanada.ca\/product\/msk-foundations-msk-hands-on-workshop-lower-extremity-joints","url":"https:\/\/sonographycanada.ca\/product\/msk-foundations-msk-hands-on-workshop-lower-extremity-joints","name":"SOLD OUT! MSK Foundations \u2013 MSK Hands-On Workshop, Lower Extremity Joints - \u00c9chographie Canada","isPartOf":{"@id":"https:\/\/sonographycanada.ca\/#website"},"primaryImageOfPage":{"@id":"https:\/\/sonographycanada.ca\/product\/msk-foundations-msk-hands-on-workshop-lower-extremity-joints#primaryimage"},"image":{"@id":"https:\/\/sonographycanada.ca\/product\/msk-foundations-msk-hands-on-workshop-lower-extremity-joints#primaryimage"},"thumbnailUrl":"https:\/\/sonographycanada.ca\/app\/uploads\/2023\/09\/pexels-mart-production-7089288-scaled.jpg","datePublished":"2024-04-11T13:19:37+00:00","dateModified":"2024-05-10T18:53:39+00:00","breadcrumb":{"@id":"https:\/\/sonographycanada.ca\/product\/msk-foundations-msk-hands-on-workshop-lower-extremity-joints#breadcrumb"},"inLanguage":"fr-FR","potentialAction":[{"@type":"ReadAction","target":["https:\/\/sonographycanada.ca\/product\/msk-foundations-msk-hands-on-workshop-lower-extremity-joints"]}]},{"@type":"ImageObject","inLanguage":"fr-FR","@id":"https:\/\/sonographycanada.ca\/product\/msk-foundations-msk-hands-on-workshop-lower-extremity-joints#primaryimage","url":"https:\/\/sonographycanada.ca\/app\/uploads\/2023\/09\/pexels-mart-production-7089288-scaled.jpg","contentUrl":"https:\/\/sonographycanada.ca\/app\/uploads\/2023\/09\/pexels-mart-production-7089288-scaled.jpg","width":2560,"height":1707},{"@type":"BreadcrumbList","@id":"https:\/\/sonographycanada.ca\/product\/msk-foundations-msk-hands-on-workshop-lower-extremity-joints#breadcrumb","itemListElement":[{"@type":"ListItem","position":1,"name":"Accueil","item":"https:\/\/sonographycanada.ca\/fr"},{"@type":"ListItem","position":2,"name":"Boutique","item":"https:\/\/sonographycanada.ca\/shop"},{"@type":"ListItem","position":3,"name":"SOLD OUT! MSK Foundations \u2013 MSK Hands-On Workshop, Lower Extremity Joints"}]},{"@type":"WebSite","@id":"https:\/\/sonographycanada.ca\/#website","url":"https:\/\/sonographycanada.ca\/","name":"\u00c9chographie Canada","description":"La voix des \u00e9chographistes m\u00e9dicaux diagnostiques au Canada","potentialAction":[{"@type":"SearchAction","target":{"@type":"EntryPoint","urlTemplate":"https:\/\/sonographycanada.ca\/?s={search_term_string}"},"query-input":{"@type":"PropertyValueSpecification","valueRequired":true,"valueName":"search_term_string"}}],"inLanguage":"fr-FR"}]}},"featured_img":"https:\/\/sonographycanada.ca\/app\/uploads\/2023\/09\/pexels-mart-production-7089288-300x200.jpg","coauthors":[],"author_meta":{"author_link":"https:\/\/sonographycanada.ca\/fr\/author\/f52a8b77-77f0-4a80-a14d-e810e02e1d7c","display_name":"Jody Guerin"},"relative_dates":{"created":"Publi\u00e9 2 years il y a","modified":"Mis \u00e0 jour 2 years il y a"},"absolute_dates":{"created":"Publi\u00e9 le avril 11, 2024","modified":"Mise \u00e0 jour le mai 10, 2024"},"absolute_dates_time":{"created":"Publi\u00e9 le avril 11, 2024 9:19 am","modified":"Mise \u00e0 jour le mai 10, 2024 2:53 pm"},"featured_img_caption":"","tax_additional":{"product_type":{"linked":["<a href=\"https:\/\/sonographycanada.ca\/fr?taxonomy=product_type&#038;term=simple\" class=\"advgb-post-tax-term\">simple<\/a>"],"unlinked":["<span class=\"advgb-post-tax-term\">simple<\/span>"],"slug":"product_type","name":"Type de produit"},"product_visibility":{"linked":["<a href=\"https:\/\/sonographycanada.ca\/fr?taxonomy=product_visibility&#038;term=outofstock\" class=\"advgb-post-tax-term\">outofstock<\/a>"],"unlinked":["<span class=\"advgb-post-tax-term\">outofstock<\/span>"],"slug":"product_visibility","name":"Visibilit\u00e9 du produit"},"product_cat":{"linked":["<a href=\"https:\/\/sonographycanada.ca\/fr\/product-category\/specialty-education\" class=\"advgb-post-tax-term\">Specialty Education<\/a>"],"unlinked":["<span class=\"advgb-post-tax-term\">Specialty Education<\/span>"],"slug":"product_cat","name":"Cat\u00e9gories de produits"},"product_tag":{"linked":[],"unlinked":[],"slug":"product_tag","name":"\u00c9tiquettes produit"},"product_shipping_class":{"linked":[],"unlinked":[],"slug":"product_shipping_class","name":"Classe d\u2019exp\u00e9dition du produit"},"translation_priority":{"linked":["<a href=\"https:\/\/sonographycanada.ca\/fr?taxonomy=translation_priority&#038;term=facultatif\" class=\"advgb-post-tax-term\">Optional<\/a>"],"unlinked":["<span class=\"advgb-post-tax-term\">Optional<\/span>"],"slug":"translation_priority","name":"Priorit\u00e9s de traduction"}},"series_order":"","_links":{"self":[{"href":"https:\/\/sonographycanada.ca\/fr\/wp-json\/wp\/v2\/product\/226974"}],"collection":[{"href":"https:\/\/sonographycanada.ca\/fr\/wp-json\/wp\/v2\/product"}],"about":[{"href":"https:\/\/sonographycanada.ca\/fr\/wp-json\/wp\/v2\/types\/product"}],"wp:featuredmedia":[{"embeddable":true,"href":"https:\/\/sonographycanada.ca\/fr\/wp-json\/wp\/v2\/media\/200306"}],"wp:attachment":[{"href":"https:\/\/sonographycanada.ca\/fr\/wp-json\/wp\/v2\/media?parent=226974"}],"wp:term":[{"taxonomy":"product_cat","embeddable":true,"href":"https:\/\/sonographycanada.ca\/fr\/wp-json\/wp\/v2\/product_cat?post=226974"},{"taxonomy":"product_tag","embeddable":true,"href":"https:\/\/sonographycanada.ca\/fr\/wp-json\/wp\/v2\/product_tag?post=226974"}],"curies":[{"name":"wp","href":"https:\/\/api.w.org\/{rel}","templated":true}]}}