{"id":245461,"date":"2024-09-30T13:17:36","date_gmt":"2024-09-30T17:17:36","guid":{"rendered":"https:\/\/sonographycanada.ca\/?post_type=product&#038;p=245461"},"modified":"2024-10-21T11:32:51","modified_gmt":"2024-10-21T15:32:51","slug":"carotid-ultrasound-online-learning","status":"publish","type":"product","link":"https:\/\/sonographycanada.ca\/fr\/product\/carotid-ultrasound-online-learning","title":{"rendered":"Carotid Ultrasound Online Learning"},"content":{"rendered":"","protected":false},"excerpt":{"rendered":"<p><strong>Target Audience:<\/strong>\u00a0 Credentialed Generalist Sonographers and Cardiac Sonographers<\/p>\n<p><strong>Course format:<\/strong>\u00a0 5 Online Learning Modules, Module Quizzes, Case Studies, Course Moderator, Final Quiz<\/p>\n<p><strong>CPD Credits:<\/strong>\u00a0 15 Sonography Based CPD Credits<\/p>\n<p><strong>Course Fees:<\/strong>\u00a0 $295 for members, $495 for non-members<\/p>\n","protected":false},"author":6718,"featured_media":245437,"template":"","meta":{"_acf_changed":false,"advgb_blocks_editor_width":"","advgb_blocks_columns_visual_guide":"","wicket_organization":"","_seat_count":"","_member_id":[],"_edit_last":"6718","_start_date":"","_end_date":""},"product_cat":[204],"product_tag":[],"class_list":{"0":"post-245461","1":"product","2":"type-product","3":"status-publish","4":"has-post-thumbnail","6":"product_cat-specialty-education","7":"member-discount","8":"discount-restricted","10":"first","11":"instock","12":"virtual","13":"sold-individually","14":"taxable","15":"purchasable","16":"product-type-course"},"bundled_by":[],"bundle_stock_status":"instock","bundle_stock_quantity":null,"bundle_virtual":false,"bundle_layout":"","bundle_add_to_cart_form_location":"","bundle_editable_in_cart":false,"bundle_sold_individually_context":"","bundle_item_grouping":"","bundle_min_size":"","bundle_max_size":"","bundle_price":[],"bundled_items":[],"bundle_sell_ids":[],"acf":[],"yoast_head":"<!-- This site is optimized with the Yoast SEO plugin v23.5 - https:\/\/yoast.com\/wordpress\/plugins\/seo\/ -->\n<title>Carotid Ultrasound Online Learning - \u00c9chographie Canada<\/title>\n<meta name=\"robots\" content=\"index, follow, max-snippet:-1, max-image-preview:large, max-video-preview:-1\" \/>\n<link rel=\"canonical\" href=\"https:\/\/sonographycanada.ca\/product\/carotid-ultrasound-online-learning\" \/>\n<meta property=\"og:locale\" content=\"fr_FR\" \/>\n<meta property=\"og:type\" content=\"article\" \/>\n<meta property=\"og:title\" content=\"Carotid Ultrasound Online Learning - \u00c9chographie Canada\" \/>\n<meta property=\"og:description\" content=\"Target Audience:\u00a0 Credentialed Generalist Sonographers and Cardiac Sonographers  Course format:\u00a0 5 Online Learning Modules, Module Quizzes, Case Studies, Course Moderator, Final Quiz  CPD Credits:\u00a0 15 Sonography Based CPD Credits  Course Fees:\u00a0 $295 for members, $495 for non-members\" \/>\n<meta property=\"og:url\" content=\"https:\/\/sonographycanada.ca\/product\/carotid-ultrasound-online-learning\" \/>\n<meta property=\"og:site_name\" content=\"\u00c9chographie Canada\" \/>\n<meta property=\"article:modified_time\" content=\"2024-10-21T15:32:51+00:00\" \/>\n<meta property=\"og:image\" content=\"https:\/\/sonographycanada.ca\/app\/uploads\/2024\/09\/sonography-canada-carotid-course.jpg\" \/>\n\t<meta property=\"og:image:width\" content=\"960\" \/>\n\t<meta property=\"og:image:height\" content=\"1280\" \/>\n\t<meta property=\"og:image:type\" content=\"image\/jpeg\" \/>\n<meta name=\"twitter:card\" content=\"summary_large_image\" \/>\n<meta name=\"twitter:label1\" content=\"Est. reading time\" \/>\n\t<meta name=\"twitter:data1\" content=\"1 minute\" \/>\n<script type=\"application\/ld+json\" class=\"yoast-schema-graph\">{\"@context\":\"https:\/\/schema.org\",\"@graph\":[{\"@type\":\"WebPage\",\"@id\":\"https:\/\/sonographycanada.ca\/product\/carotid-ultrasound-online-learning\",\"url\":\"https:\/\/sonographycanada.ca\/product\/carotid-ultrasound-online-learning\",\"name\":\"Carotid Ultrasound Online Learning - \u00c9chographie Canada\",\"isPartOf\":{\"@id\":\"https:\/\/sonographycanada.ca\/#website\"},\"primaryImageOfPage\":{\"@id\":\"https:\/\/sonographycanada.ca\/product\/carotid-ultrasound-online-learning#primaryimage\"},\"image\":{\"@id\":\"https:\/\/sonographycanada.ca\/product\/carotid-ultrasound-online-learning#primaryimage\"},\"thumbnailUrl\":\"https:\/\/sonographycanada.ca\/app\/uploads\/2024\/09\/sonography-canada-carotid-course.jpg\",\"datePublished\":\"2024-09-30T17:17:36+00:00\",\"dateModified\":\"2024-10-21T15:32:51+00:00\",\"breadcrumb\":{\"@id\":\"https:\/\/sonographycanada.ca\/product\/carotid-ultrasound-online-learning#breadcrumb\"},\"inLanguage\":\"fr-FR\",\"potentialAction\":[{\"@type\":\"ReadAction\",\"target\":[\"https:\/\/sonographycanada.ca\/product\/carotid-ultrasound-online-learning\"]}]},{\"@type\":\"ImageObject\",\"inLanguage\":\"fr-FR\",\"@id\":\"https:\/\/sonographycanada.ca\/product\/carotid-ultrasound-online-learning#primaryimage\",\"url\":\"https:\/\/sonographycanada.ca\/app\/uploads\/2024\/09\/sonography-canada-carotid-course.jpg\",\"contentUrl\":\"https:\/\/sonographycanada.ca\/app\/uploads\/2024\/09\/sonography-canada-carotid-course.jpg\",\"width\":960,\"height\":1280,\"caption\":\"3d rendered illustration of the carotid artery\"},{\"@type\":\"BreadcrumbList\",\"@id\":\"https:\/\/sonographycanada.ca\/product\/carotid-ultrasound-online-learning#breadcrumb\",\"itemListElement\":[{\"@type\":\"ListItem\",\"position\":1,\"name\":\"Accueil\",\"item\":\"https:\/\/sonographycanada.ca\/fr\"},{\"@type\":\"ListItem\",\"position\":2,\"name\":\"Boutique\",\"item\":\"https:\/\/sonographycanada.ca\/shop\"},{\"@type\":\"ListItem\",\"position\":3,\"name\":\"Carotid Ultrasound Online Learning\"}]},{\"@type\":\"WebSite\",\"@id\":\"https:\/\/sonographycanada.ca\/#website\",\"url\":\"https:\/\/sonographycanada.ca\/\",\"name\":\"\u00c9chographie Canada\",\"description\":\"La voix des \u00e9chographistes m\u00e9dicaux diagnostiques au Canada\",\"potentialAction\":[{\"@type\":\"SearchAction\",\"target\":{\"@type\":\"EntryPoint\",\"urlTemplate\":\"https:\/\/sonographycanada.ca\/?s={search_term_string}\"},\"query-input\":{\"@type\":\"PropertyValueSpecification\",\"valueRequired\":true,\"valueName\":\"search_term_string\"}}],\"inLanguage\":\"fr-FR\"}]}<\/script>\n<!-- \/ Yoast SEO plugin. -->","yoast_head_json":{"title":"Carotid Ultrasound Online Learning - \u00c9chographie Canada","robots":{"index":"index","follow":"follow","max-snippet":"max-snippet:-1","max-image-preview":"max-image-preview:large","max-video-preview":"max-video-preview:-1"},"canonical":"https:\/\/sonographycanada.ca\/product\/carotid-ultrasound-online-learning","og_locale":"fr_FR","og_type":"article","og_title":"Carotid Ultrasound Online Learning - \u00c9chographie Canada","og_description":"Target Audience:\u00a0 Credentialed Generalist Sonographers and Cardiac Sonographers  Course format:\u00a0 5 Online Learning Modules, Module Quizzes, Case Studies, Course Moderator, Final Quiz  CPD Credits:\u00a0 15 Sonography Based CPD Credits  Course Fees:\u00a0 $295 for members, $495 for non-members","og_url":"https:\/\/sonographycanada.ca\/product\/carotid-ultrasound-online-learning","og_site_name":"\u00c9chographie Canada","article_modified_time":"2024-10-21T15:32:51+00:00","og_image":[{"width":960,"height":1280,"url":"https:\/\/sonographycanada.ca\/app\/uploads\/2024\/09\/sonography-canada-carotid-course.jpg","type":"image\/jpeg"}],"twitter_card":"summary_large_image","twitter_misc":{"Est. reading time":"1 minute"},"schema":{"@context":"https:\/\/schema.org","@graph":[{"@type":"WebPage","@id":"https:\/\/sonographycanada.ca\/product\/carotid-ultrasound-online-learning","url":"https:\/\/sonographycanada.ca\/product\/carotid-ultrasound-online-learning","name":"Carotid Ultrasound Online Learning - \u00c9chographie Canada","isPartOf":{"@id":"https:\/\/sonographycanada.ca\/#website"},"primaryImageOfPage":{"@id":"https:\/\/sonographycanada.ca\/product\/carotid-ultrasound-online-learning#primaryimage"},"image":{"@id":"https:\/\/sonographycanada.ca\/product\/carotid-ultrasound-online-learning#primaryimage"},"thumbnailUrl":"https:\/\/sonographycanada.ca\/app\/uploads\/2024\/09\/sonography-canada-carotid-course.jpg","datePublished":"2024-09-30T17:17:36+00:00","dateModified":"2024-10-21T15:32:51+00:00","breadcrumb":{"@id":"https:\/\/sonographycanada.ca\/product\/carotid-ultrasound-online-learning#breadcrumb"},"inLanguage":"fr-FR","potentialAction":[{"@type":"ReadAction","target":["https:\/\/sonographycanada.ca\/product\/carotid-ultrasound-online-learning"]}]},{"@type":"ImageObject","inLanguage":"fr-FR","@id":"https:\/\/sonographycanada.ca\/product\/carotid-ultrasound-online-learning#primaryimage","url":"https:\/\/sonographycanada.ca\/app\/uploads\/2024\/09\/sonography-canada-carotid-course.jpg","contentUrl":"https:\/\/sonographycanada.ca\/app\/uploads\/2024\/09\/sonography-canada-carotid-course.jpg","width":960,"height":1280,"caption":"3d rendered illustration of the carotid artery"},{"@type":"BreadcrumbList","@id":"https:\/\/sonographycanada.ca\/product\/carotid-ultrasound-online-learning#breadcrumb","itemListElement":[{"@type":"ListItem","position":1,"name":"Accueil","item":"https:\/\/sonographycanada.ca\/fr"},{"@type":"ListItem","position":2,"name":"Boutique","item":"https:\/\/sonographycanada.ca\/shop"},{"@type":"ListItem","position":3,"name":"Carotid Ultrasound Online Learning"}]},{"@type":"WebSite","@id":"https:\/\/sonographycanada.ca\/#website","url":"https:\/\/sonographycanada.ca\/","name":"\u00c9chographie Canada","description":"La voix des \u00e9chographistes m\u00e9dicaux diagnostiques au Canada","potentialAction":[{"@type":"SearchAction","target":{"@type":"EntryPoint","urlTemplate":"https:\/\/sonographycanada.ca\/?s={search_term_string}"},"query-input":{"@type":"PropertyValueSpecification","valueRequired":true,"valueName":"search_term_string"}}],"inLanguage":"fr-FR"}]}},"featured_img":"https:\/\/sonographycanada.ca\/app\/uploads\/2024\/09\/sonography-canada-carotid-course-150x200.jpg","coauthors":[],"author_meta":{"author_link":"https:\/\/sonographycanada.ca\/fr\/author\/263a58fd-0292-4830-a513-b6bccee25d5d","display_name":"Riad Kadi"},"relative_dates":{"created":"Publi\u00e9 2 years il y a","modified":"Mis \u00e0 jour 1 year il y a"},"absolute_dates":{"created":"Publi\u00e9 le septembre 30, 2024","modified":"Mise \u00e0 jour le octobre 21, 2024"},"absolute_dates_time":{"created":"Publi\u00e9 le septembre 30, 2024 1:17 pm","modified":"Mise \u00e0 jour le octobre 21, 2024 11:32 am"},"featured_img_caption":"3d rendered illustration of the carotid artery","tax_additional":{"product_type":{"linked":["<a href=\"https:\/\/sonographycanada.ca\/fr?taxonomy=product_type&#038;term=course\" class=\"advgb-post-tax-term\">course<\/a>"],"unlinked":["<span class=\"advgb-post-tax-term\">course<\/span>"],"slug":"product_type","name":"Type de produit"},"product_visibility":{"linked":[],"unlinked":[],"slug":"product_visibility","name":"Visibilit\u00e9 du produit"},"product_cat":{"linked":["<a href=\"https:\/\/sonographycanada.ca\/fr\/product-category\/specialty-education\" class=\"advgb-post-tax-term\">Specialty Education<\/a>"],"unlinked":["<span class=\"advgb-post-tax-term\">Specialty Education<\/span>"],"slug":"product_cat","name":"Cat\u00e9gories de produits"},"product_tag":{"linked":[],"unlinked":[],"slug":"product_tag","name":"\u00c9tiquettes produit"},"product_shipping_class":{"linked":[],"unlinked":[],"slug":"product_shipping_class","name":"Classe d\u2019exp\u00e9dition du produit"},"translation_priority":{"linked":["<a href=\"https:\/\/sonographycanada.ca\/fr?taxonomy=translation_priority&#038;term=facultatif\" class=\"advgb-post-tax-term\">Optional<\/a>"],"unlinked":["<span class=\"advgb-post-tax-term\">Optional<\/span>"],"slug":"translation_priority","name":"Priorit\u00e9s de traduction"}},"series_order":"","_links":{"self":[{"href":"https:\/\/sonographycanada.ca\/fr\/wp-json\/wp\/v2\/product\/245461"}],"collection":[{"href":"https:\/\/sonographycanada.ca\/fr\/wp-json\/wp\/v2\/product"}],"about":[{"href":"https:\/\/sonographycanada.ca\/fr\/wp-json\/wp\/v2\/types\/product"}],"wp:featuredmedia":[{"embeddable":true,"href":"https:\/\/sonographycanada.ca\/fr\/wp-json\/wp\/v2\/media\/245437"}],"wp:attachment":[{"href":"https:\/\/sonographycanada.ca\/fr\/wp-json\/wp\/v2\/media?parent=245461"}],"wp:term":[{"taxonomy":"product_cat","embeddable":true,"href":"https:\/\/sonographycanada.ca\/fr\/wp-json\/wp\/v2\/product_cat?post=245461"},{"taxonomy":"product_tag","embeddable":true,"href":"https:\/\/sonographycanada.ca\/fr\/wp-json\/wp\/v2\/product_tag?post=245461"}],"curies":[{"name":"wp","href":"https:\/\/api.w.org\/{rel}","templated":true}]}}