{"id":306732,"date":"2026-02-13T11:45:34","date_gmt":"2026-02-13T16:45:34","guid":{"rendered":"https:\/\/sonographycanada.ca\/?post_type=product&#038;p=306732"},"modified":"2026-02-13T11:45:47","modified_gmt":"2026-02-13T16:45:47","slug":"ccsa-withdrawal-application","status":"publish","type":"product","link":"https:\/\/sonographycanada.ca\/fr\/product\/ccsa-withdrawal-application","title":{"rendered":"CCSA Withdrawal Application"},"content":{"rendered":"","protected":false},"excerpt":{"rendered":"","protected":false},"author":6718,"featured_media":0,"template":"","meta":{"_acf_changed":false,"advgb_blocks_editor_width":"","advgb_blocks_columns_visual_guide":"","wicket_organization":"","_seat_count":"","_member_id":[],"_edit_last":"6718","_start_date":"","_end_date":""},"product_cat":[283],"product_tag":[],"class_list":{"0":"post-306732","1":"product","2":"type-product","3":"status-publish","5":"product_cat-exam-forms","7":"first","8":"instock","9":"virtual","10":"sold-individually","11":"taxable","12":"purchasable","13":"product-type-simple"},"bundled_by":[],"bundle_stock_status":"instock","bundle_stock_quantity":null,"bundle_virtual":false,"bundle_layout":"","bundle_add_to_cart_form_location":"","bundle_editable_in_cart":false,"bundle_sold_individually_context":"","bundle_item_grouping":"","bundle_min_size":"","bundle_max_size":"","bundle_price":[],"bundled_items":[],"bundle_sell_ids":[],"acf":[],"yoast_head":"<!-- This site is optimized with the Yoast SEO plugin v23.5 - https:\/\/yoast.com\/wordpress\/plugins\/seo\/ -->\n<title>CCSA Withdrawal Application - \u00c9chographie Canada<\/title>\n<meta name=\"robots\" content=\"index, follow, max-snippet:-1, max-image-preview:large, max-video-preview:-1\" \/>\n<link rel=\"canonical\" href=\"https:\/\/sonographycanada.ca\/product\/ccsa-withdrawal-application\" \/>\n<meta property=\"og:locale\" content=\"fr_FR\" \/>\n<meta property=\"og:type\" content=\"article\" \/>\n<meta property=\"og:title\" content=\"CCSA Withdrawal Application - \u00c9chographie Canada\" \/>\n<meta property=\"og:url\" content=\"https:\/\/sonographycanada.ca\/product\/ccsa-withdrawal-application\" \/>\n<meta property=\"og:site_name\" content=\"\u00c9chographie Canada\" \/>\n<meta property=\"article:modified_time\" content=\"2026-02-13T16:45:47+00:00\" \/>\n<meta name=\"twitter:card\" content=\"summary_large_image\" \/>\n<script type=\"application\/ld+json\" class=\"yoast-schema-graph\">{\"@context\":\"https:\/\/schema.org\",\"@graph\":[{\"@type\":\"WebPage\",\"@id\":\"https:\/\/sonographycanada.ca\/product\/ccsa-withdrawal-application\",\"url\":\"https:\/\/sonographycanada.ca\/product\/ccsa-withdrawal-application\",\"name\":\"CCSA Withdrawal Application - \u00c9chographie Canada\",\"isPartOf\":{\"@id\":\"https:\/\/sonographycanada.ca\/#website\"},\"datePublished\":\"2026-02-13T16:45:34+00:00\",\"dateModified\":\"2026-02-13T16:45:47+00:00\",\"breadcrumb\":{\"@id\":\"https:\/\/sonographycanada.ca\/product\/ccsa-withdrawal-application#breadcrumb\"},\"inLanguage\":\"fr-FR\",\"potentialAction\":[{\"@type\":\"ReadAction\",\"target\":[\"https:\/\/sonographycanada.ca\/product\/ccsa-withdrawal-application\"]}]},{\"@type\":\"BreadcrumbList\",\"@id\":\"https:\/\/sonographycanada.ca\/product\/ccsa-withdrawal-application#breadcrumb\",\"itemListElement\":[{\"@type\":\"ListItem\",\"position\":1,\"name\":\"Accueil\",\"item\":\"https:\/\/sonographycanada.ca\/fr\"},{\"@type\":\"ListItem\",\"position\":2,\"name\":\"Boutique\",\"item\":\"https:\/\/sonographycanada.ca\/shop\"},{\"@type\":\"ListItem\",\"position\":3,\"name\":\"CCSA Withdrawal Application\"}]},{\"@type\":\"WebSite\",\"@id\":\"https:\/\/sonographycanada.ca\/#website\",\"url\":\"https:\/\/sonographycanada.ca\/\",\"name\":\"\u00c9chographie Canada\",\"description\":\"La voix des \u00e9chographistes m\u00e9dicaux diagnostiques au Canada\",\"potentialAction\":[{\"@type\":\"SearchAction\",\"target\":{\"@type\":\"EntryPoint\",\"urlTemplate\":\"https:\/\/sonographycanada.ca\/?s={search_term_string}\"},\"query-input\":{\"@type\":\"PropertyValueSpecification\",\"valueRequired\":true,\"valueName\":\"search_term_string\"}}],\"inLanguage\":\"fr-FR\"}]}<\/script>\n<!-- \/ Yoast SEO plugin. -->","yoast_head_json":{"title":"CCSA Withdrawal Application - \u00c9chographie Canada","robots":{"index":"index","follow":"follow","max-snippet":"max-snippet:-1","max-image-preview":"max-image-preview:large","max-video-preview":"max-video-preview:-1"},"canonical":"https:\/\/sonographycanada.ca\/product\/ccsa-withdrawal-application","og_locale":"fr_FR","og_type":"article","og_title":"CCSA Withdrawal Application - \u00c9chographie Canada","og_url":"https:\/\/sonographycanada.ca\/product\/ccsa-withdrawal-application","og_site_name":"\u00c9chographie Canada","article_modified_time":"2026-02-13T16:45:47+00:00","twitter_card":"summary_large_image","schema":{"@context":"https:\/\/schema.org","@graph":[{"@type":"WebPage","@id":"https:\/\/sonographycanada.ca\/product\/ccsa-withdrawal-application","url":"https:\/\/sonographycanada.ca\/product\/ccsa-withdrawal-application","name":"CCSA Withdrawal Application - \u00c9chographie Canada","isPartOf":{"@id":"https:\/\/sonographycanada.ca\/#website"},"datePublished":"2026-02-13T16:45:34+00:00","dateModified":"2026-02-13T16:45:47+00:00","breadcrumb":{"@id":"https:\/\/sonographycanada.ca\/product\/ccsa-withdrawal-application#breadcrumb"},"inLanguage":"fr-FR","potentialAction":[{"@type":"ReadAction","target":["https:\/\/sonographycanada.ca\/product\/ccsa-withdrawal-application"]}]},{"@type":"BreadcrumbList","@id":"https:\/\/sonographycanada.ca\/product\/ccsa-withdrawal-application#breadcrumb","itemListElement":[{"@type":"ListItem","position":1,"name":"Accueil","item":"https:\/\/sonographycanada.ca\/fr"},{"@type":"ListItem","position":2,"name":"Boutique","item":"https:\/\/sonographycanada.ca\/shop"},{"@type":"ListItem","position":3,"name":"CCSA Withdrawal Application"}]},{"@type":"WebSite","@id":"https:\/\/sonographycanada.ca\/#website","url":"https:\/\/sonographycanada.ca\/","name":"\u00c9chographie Canada","description":"La voix des \u00e9chographistes m\u00e9dicaux diagnostiques au Canada","potentialAction":[{"@type":"SearchAction","target":{"@type":"EntryPoint","urlTemplate":"https:\/\/sonographycanada.ca\/?s={search_term_string}"},"query-input":{"@type":"PropertyValueSpecification","valueRequired":true,"valueName":"search_term_string"}}],"inLanguage":"fr-FR"}]}},"featured_img":false,"coauthors":[],"author_meta":{"author_link":"https:\/\/sonographycanada.ca\/fr\/author\/263a58fd-0292-4830-a513-b6bccee25d5d","display_name":"Riad Kadi"},"relative_dates":{"created":"Publi\u00e9 2 months il y a","modified":"Mis \u00e0 jour 2 months il y a"},"absolute_dates":{"created":"Publi\u00e9 le f\u00e9vrier 13, 2026","modified":"Mise \u00e0 jour le f\u00e9vrier 13, 2026"},"absolute_dates_time":{"created":"Publi\u00e9 le f\u00e9vrier 13, 2026 11:45 am","modified":"Mise \u00e0 jour le f\u00e9vrier 13, 2026 11:45 am"},"featured_img_caption":"","tax_additional":{"product_type":{"linked":["<a href=\"https:\/\/sonographycanada.ca\/fr?taxonomy=product_type&#038;term=simple\" class=\"advgb-post-tax-term\">simple<\/a>"],"unlinked":["<span class=\"advgb-post-tax-term\">simple<\/span>"],"slug":"product_type","name":"Type de produit"},"product_visibility":{"linked":[],"unlinked":[],"slug":"product_visibility","name":"Visibilit\u00e9 du produit"},"product_cat":{"linked":["<a href=\"https:\/\/sonographycanada.ca\/fr\/product-category\/exam-forms\" class=\"advgb-post-tax-term\">Exam Forms<\/a>"],"unlinked":["<span class=\"advgb-post-tax-term\">Exam Forms<\/span>"],"slug":"product_cat","name":"Cat\u00e9gories de produits"},"product_tag":{"linked":[],"unlinked":[],"slug":"product_tag","name":"\u00c9tiquettes produit"},"product_shipping_class":{"linked":[],"unlinked":[],"slug":"product_shipping_class","name":"Classe d\u2019exp\u00e9dition du produit"},"translation_priority":{"linked":["<a href=\"https:\/\/sonographycanada.ca\/fr?taxonomy=translation_priority&#038;term=facultatif\" class=\"advgb-post-tax-term\">Optional<\/a>"],"unlinked":["<span class=\"advgb-post-tax-term\">Optional<\/span>"],"slug":"translation_priority","name":"Priorit\u00e9s de traduction"}},"series_order":"","_links":{"self":[{"href":"https:\/\/sonographycanada.ca\/fr\/wp-json\/wp\/v2\/product\/306732"}],"collection":[{"href":"https:\/\/sonographycanada.ca\/fr\/wp-json\/wp\/v2\/product"}],"about":[{"href":"https:\/\/sonographycanada.ca\/fr\/wp-json\/wp\/v2\/types\/product"}],"wp:attachment":[{"href":"https:\/\/sonographycanada.ca\/fr\/wp-json\/wp\/v2\/media?parent=306732"}],"wp:term":[{"taxonomy":"product_cat","embeddable":true,"href":"https:\/\/sonographycanada.ca\/fr\/wp-json\/wp\/v2\/product_cat?post=306732"},{"taxonomy":"product_tag","embeddable":true,"href":"https:\/\/sonographycanada.ca\/fr\/wp-json\/wp\/v2\/product_tag?post=306732"}],"curies":[{"name":"wp","href":"https:\/\/api.w.org\/{rel}","templated":true}]}}